{"id":6634,"date":"2020-12-15T06:03:18","date_gmt":"2020-12-15T05:03:18","guid":{"rendered":"http:\/\/lencho-red.ch\/?page_id=6634"},"modified":"2021-03-10T06:42:54","modified_gmt":"2021-03-10T05:42:54","slug":"impressum","status":"publish","type":"page","link":"https:\/\/lencho-red.ch\/index.php\/impressum\/","title":{"rendered":"Impressum"},"content":{"rendered":"<p><strong>Inhaberin<br \/>\n<\/strong>Rebecca Linsi<br \/>\nAckerstrasse 47<br \/>\n8708 M\u00e4nnedorf<br \/>\nrebecca.linsi@me.com<\/p>\n<p><strong>Haftungshinweis<\/strong><br \/>\nTrotz sorgf\u00e4ltiger inhaltlicher Kontrolle \u00fcbernehmen wir keine Haftung f\u00fcr die Inhalte externer Links. F\u00fcr die Inhalte der verlinkten Seiten sind ausschliesslich deren Betreiber verantwortlich.<\/p>\n<p><strong>Haftungsausschluss<\/strong><br \/>\nDer Autor \u00fcbernimmt keinerlei Gew\u00e4hr hinsichtlich der inhaltlichen Richtigkeit, Genauigkeit, Aktualit\u00e4t, Zuverl\u00e4ssigkeit und Vollst\u00e4ndigkeit der Informationen. Haftungsanspr\u00fcche gegen den Autor wegen Sch\u00e4den materieller oder immaterieller Art, welche aus dem Zugriff oder der Nutzung bzw. Nichtnutzung der ver\u00f6ffentlichten Informationen, durch Missbrauch der Verbindung oder durch technische St\u00f6rungen entstanden sind, werden ausgeschlossen. Alle Angebote sind unverbindlich. Der Autor beh\u00e4lt es sich ausdr\u00fccklich vor, Teile der Seiten oder das gesamte Angebot ohne gesonderte Ank\u00fcndigung zu ver\u00e4ndern, zu erg\u00e4nzen, zu l\u00f6schen oder die Ver\u00f6ffentlichung zeitweise oder endg\u00fcltig einzustellen.<\/p>\n<p><strong>Haftung f\u00fcr Links<\/strong><br \/>\nVerweise und Links auf Webseiten Dritter liegen ausserhalb unseres Verantwortungsbereichs Es wird jegliche Verantwortung f\u00fcr solche Webseiten abgelehnt. Der Zugriff und die Nutzung solcher Webseiten erfolgen auf eigene Gefahr des Nutzers oder der Nutzerin.<\/p>\n<p><strong>Urheberrechte<\/strong><br \/>\nDie Urheber- und alle anderen Rechte an Inhalten, Bildern, Fotos oder anderen Dateien auf der Website geh\u00f6ren ausschliesslich Rebecca Linsi. Das Ausdrucken, Herunterladen, Speichern, Kopieren und Bearbeiten von Inhalten unserer Webseiten darf nur zu privaten Zwecken vorgenommen werden. Die Quelle ist in jedem Fall anzugeben. Urheberrechtsvermerke, Marken- und andere gesetzlich gesch\u00fctzte Bezeichnungen d\u00fcrfen weder ver\u00e4ndert noch beseitigt werden. Jegliche kommerzielle oder \u00f6ffentliche Nutzung unserer Webseiten sowie das Erstellen einer Verkn\u00fcpfung unserer Webseiten auf anderen Webseiten d\u00fcrfen nur mit vorheriger ausdr\u00fccklicher Zustimmung erfolgen. Vorbehalten bleiben Urheber- und Markenrechte Dritter.<\/p>\n<p><strong>Datenschutz<\/strong><br \/>\nGest\u00fctzt auf Artikel 13 der schweizerischen Bundesverfassung und die datenschutzrechtlichen Bestimmungen des Bundes (Datenschutzgesetz, DSG) hat jede Person Anspruch auf Schutz ihrer Privatsph\u00e4re sowie auf Schutz vor Missbrauch ihrer pers\u00f6nlichen Daten. Wir halten diese Bestimmungen ein. Pers\u00f6nliche Daten werden streng vertraulich behandelt und weder an Dritte verkauft noch weiter gegeben. In enger Zusammenarbeit mit unseren Hosting-Providern bem\u00fchen wir uns, die Datenbanken so gut wie m\u00f6glich vor fremden Zugriffen, Verlusten, Missbrauch oder vor F\u00e4lschung zu sch\u00fctzen. Beim Zugriff auf unsere Webseiten werden folgende Daten in Logfiles gespeichert: IP-Adresse, Datum, Uhrzeit, Browser-Anfrage und allg. \u00fcbertragene Informationen zum Betriebssystem resp. Browser. Diese Nutzungsdaten bilden die Basis f\u00fcr statistische, anonyme Auswertungen, so dass Trends erkennbar sind, anhand derer wir unsere Angebote entsprechend verbessern k\u00f6nnen.<\/p>\n","protected":false},"excerpt":{"rendered":"<p>Inhaberin Rebecca Linsi Ackerstrasse 47 8708 M\u00e4nnedorf rebecca.linsi@me.com Haftungshinweis Trotz sorgf\u00e4ltiger inhaltlicher Kontrolle \u00fcbernehmen wir keine Haftung f\u00fcr die Inhalte externer Links. F\u00fcr die Inhalte der verlinkten Seiten sind ausschliesslich&#8230;<\/p>\n","protected":false},"author":1,"featured_media":0,"parent":0,"menu_order":0,"comment_status":"closed","ping_status":"closed","template":"","meta":[],"_links":{"self":[{"href":"https:\/\/lencho-red.ch\/index.php\/wp-json\/wp\/v2\/pages\/6634"}],"collection":[{"href":"https:\/\/lencho-red.ch\/index.php\/wp-json\/wp\/v2\/pages"}],"about":[{"href":"https:\/\/lencho-red.ch\/index.php\/wp-json\/wp\/v2\/types\/page"}],"author":[{"embeddable":true,"href":"https:\/\/lencho-red.ch\/index.php\/wp-json\/wp\/v2\/users\/1"}],"replies":[{"embeddable":true,"href":"https:\/\/lencho-red.ch\/index.php\/wp-json\/wp\/v2\/comments?post=6634"}],"version-history":[{"count":6,"href":"https:\/\/lencho-red.ch\/index.php\/wp-json\/wp\/v2\/pages\/6634\/revisions"}],"predecessor-version":[{"id":6923,"href":"https:\/\/lencho-red.ch\/index.php\/wp-json\/wp\/v2\/pages\/6634\/revisions\/6923"}],"wp:attachment":[{"href":"https:\/\/lencho-red.ch\/index.php\/wp-json\/wp\/v2\/media?parent=6634"}],"curies":[{"name":"wp","href":"https:\/\/api.w.org\/{rel}","templated":true}]}}